{"id":118,"date":"2013-12-14T10:54:40","date_gmt":"2013-12-14T10:54:40","guid":{"rendered":"http:\/\/pioneer.themeapt.com\/style-1-light\/?page_id=3"},"modified":"2016-11-30T16:06:56","modified_gmt":"2016-11-30T18:06:56","slug":"home","status":"publish","type":"page","link":"https:\/\/acessocompoa.com.br\/assessoria-de-imprensa\/","title":{"rendered":"Home"},"content":{"rendered":"<p><!-- START REVOLUTION SLIDER 4.6.0 fullscreen mode -->\n<div id=\"rev_slider_1_1_wrapper\" class=\"rev_slider_wrapper fullscreen-container\" style=\"background-color:#E9E9E9;padding:0px;\">\n\t<div id=\"rev_slider_1_1\" class=\"rev_slider fullscreenbanner\" style=\"display:none;\">\n<ul>\t<!-- SLIDE  -->\n\t<li data-transition=\"fade\" data-slotamount=\"10\" data-masterspeed=\"50\" data-delay=\"2000\"  data-saveperformance=\"on\" >\n\t\t<!-- MAIN IMAGE -->\n\t\t<img src=\"https:\/\/acessocompoa.com.br\/assessoria-de-imprensa\/wp-content\/uploads\/2015\/04\/slider-011.png\"  alt=\"slider-011\"  data-bgposition=\"center top\" data-bgfit=\"cover\" data-bgrepeat=\"no-repeat\">\n\t\t<!-- LAYERS -->\n\n\t\t<!-- LAYER NR. 1 -->\n\t\t<div class=\"tp-caption orange_acesso sfr stl tp-resizeme\"\n\t\t\t data-x=\"296\"\n\t\t\t data-y=\"357\" \n\t\t\tdata-speed=\"300\"\n\t\t\tdata-start=\"0\"\n\t\t\tdata-easing=\"Power3.easeInOut\"\n\t\t\tdata-splitin=\"none\"\n\t\t\tdata-splitout=\"none\"\n\t\t\tdata-elementdelay=\"0.1\"\n\t\t\tdata-endelementdelay=\"0.1\"\n\t\t\t data-endspeed=\"300\"\n\n\t\t\tstyle=\"z-index: 2; max-width: auto; max-height: auto; white-space: nowrap;\">Assessoria de Imprensa\n\t\t<\/div>\n\n\t\t<!-- LAYER NR. 2 -->\n\t\t<div class=\"tp-caption orange_acesso sfl str tp-resizeme\"\n\t\t\t data-x=\"129\"\n\t\t\t data-y=\"445\" \n\t\t\tdata-speed=\"300\"\n\t\t\tdata-start=\"0\"\n\t\t\tdata-easing=\"Power3.easeInOut\"\n\t\t\tdata-splitin=\"none\"\n\t\t\tdata-splitout=\"none\"\n\t\t\tdata-elementdelay=\"0.1\"\n\t\t\tdata-endelementdelay=\"0.5\"\n\t\t\t data-endspeed=\"300\"\n\n\t\t\tstyle=\"z-index: 3; max-width: auto; max-height: auto; white-space: nowrap;\">M\u00cdDIA TRAINING\n\t\t<\/div>\n\n\t\t<!-- LAYER NR. 3 -->\n\t\t<div class=\"tp-caption orange_acesso sfr stl tp-resizeme\"\n\t\t\t data-x=\"257\"\n\t\t\t data-y=\"531\" \n\t\t\tdata-speed=\"300\"\n\t\t\tdata-start=\"0\"\n\t\t\tdata-easing=\"Power3.easeInOut\"\n\t\t\tdata-splitin=\"none\"\n\t\t\tdata-splitout=\"none\"\n\t\t\tdata-elementdelay=\"0.1\"\n\t\t\tdata-endelementdelay=\"0.1\"\n\t\t\t data-endspeed=\"300\"\n\n\t\t\tstyle=\"z-index: 4; max-width: auto; max-height: auto; white-space: nowrap;\">PRODU\u00c7\u00c3O DE CONTE\u00daDO\n\t\t<\/div>\n\t<\/li>\n\t<!-- SLIDE  -->\n\t<li data-transition=\"fade\" data-slotamount=\"10\" data-masterspeed=\"50\" data-delay=\"2000\"  data-saveperformance=\"on\" >\n\t\t<!-- MAIN IMAGE -->\n\t\t<img src=\"https:\/\/acessocompoa.com.br\/assessoria-de-imprensa\/wp-content\/uploads\/2015\/04\/slider-02.png\"  alt=\"slider-02\"  data-bgposition=\"center top\" data-bgfit=\"cover\" data-bgrepeat=\"no-repeat\">\n\t\t<!-- LAYERS -->\n\n\t\t<!-- LAYER NR. 1 -->\n\t\t<div class=\"tp-caption orange_acesso sfl stl tp-resizeme\"\n\t\t\t data-x=\"223\"\n\t\t\t data-y=\"305\" \n\t\t\tdata-speed=\"300\"\n\t\t\tdata-start=\"0\"\n\t\t\tdata-easing=\"Power3.easeInOut\"\n\t\t\tdata-splitin=\"none\"\n\t\t\tdata-splitout=\"none\"\n\t\t\tdata-elementdelay=\"0.1\"\n\t\t\tdata-endelementdelay=\"0.1\"\n\t\t\t data-endspeed=\"300\"\n\n\t\t\tstyle=\"z-index: 2; max-width: auto; max-height: auto; white-space: nowrap;\">ASSESSORIA DE COMUNICA\u00c7\u00c3O\n\t\t<\/div>\n\n\t\t<!-- LAYER NR. 2 -->\n\t\t<div class=\"tp-caption orange_acesso sfl stl tp-resizeme\"\n\t\t\t data-x=\"305\"\n\t\t\t data-y=\"388\" \n\t\t\tdata-speed=\"300\"\n\t\t\tdata-start=\"0\"\n\t\t\tdata-easing=\"Power3.easeInOut\"\n\t\t\tdata-splitin=\"none\"\n\t\t\tdata-splitout=\"none\"\n\t\t\tdata-elementdelay=\"0.1\"\n\t\t\tdata-endelementdelay=\"0.1\"\n\t\t\t data-endspeed=\"300\"\n\n\t\t\tstyle=\"z-index: 3; max-width: auto; max-height: auto; white-space: nowrap;\">REDES SOCIAIS\n\t\t<\/div>\n\n\t\t<!-- LAYER NR. 3 -->\n\t\t<div class=\"tp-caption orange_acesso sfl stl tp-resizeme\"\n\t\t\t data-x=\"112\"\n\t\t\t data-y=\"474\" \n\t\t\tdata-speed=\"300\"\n\t\t\tdata-start=\"0\"\n\t\t\tdata-easing=\"Power3.easeInOut\"\n\t\t\tdata-splitin=\"none\"\n\t\t\tdata-splitout=\"none\"\n\t\t\tdata-elementdelay=\"0.1\"\n\t\t\tdata-endelementdelay=\"0.1\"\n\t\t\t data-endspeed=\"300\"\n\t\t\tdata-endeasing=\"easeOutSine\"\n\n\t\t\tstyle=\"z-index: 4; max-width: auto; max-height: auto; white-space: nowrap;\">DESIGN GR\u00c1FICO\n\t\t<\/div>\n\t<\/li>\n\t<!-- SLIDE  -->\n\t<li data-transition=\"fade\" data-slotamount=\"10\" data-masterspeed=\"50\" data-delay=\"2000\"  data-saveperformance=\"on\" >\n\t\t<!-- MAIN IMAGE -->\n\t\t<img src=\"https:\/\/acessocompoa.com.br\/assessoria-de-imprensa\/wp-content\/uploads\/2015\/04\/fundo-03-e1453310620855.png\"  alt=\"fundo-03-e1453310620855\"  data-bgposition=\"center top\" data-bgfit=\"cover\" data-bgrepeat=\"no-repeat\">\n\t\t<!-- LAYERS -->\n\n\t\t<!-- LAYER NR. 1 -->\n\t\t<div class=\"tp-caption orange_acesso sft stt tp-resizeme\"\n\t\t\t data-x=\"241\"\n\t\t\t data-y=\"241\" \n\t\t\tdata-speed=\"300\"\n\t\t\tdata-start=\"0\"\n\t\t\tdata-easing=\"Power3.easeInOut\"\n\t\t\tdata-splitin=\"none\"\n\t\t\tdata-splitout=\"none\"\n\t\t\tdata-elementdelay=\"0.1\"\n\t\t\tdata-endelementdelay=\"0.1\"\n\t\t\t data-endspeed=\"300\"\n\n\t\t\tstyle=\"z-index: 2; max-width: auto; max-height: auto; white-space: nowrap;\">COMUNICA\u00c7\u00c3O ESTRAT\u00c9GICA\n\t\t<\/div>\n\n\t\t<!-- LAYER NR. 2 -->\n\t\t<div class=\"tp-caption orange_acesso sfr str tp-resizeme\"\n\t\t\t data-x=\"62\"\n\t\t\t data-y=\"346\" \n\t\t\tdata-speed=\"300\"\n\t\t\tdata-start=\"0\"\n\t\t\tdata-easing=\"Power3.easeInOut\"\n\t\t\tdata-splitin=\"none\"\n\t\t\tdata-splitout=\"none\"\n\t\t\tdata-elementdelay=\"0.1\"\n\t\t\tdata-endelementdelay=\"0.1\"\n\t\t\t data-endspeed=\"300\"\n\n\t\t\tstyle=\"z-index: 3; max-width: auto; max-height: auto; white-space: nowrap;\">gerenciamento da informa\u00e7\u00e3o\n\t\t<\/div>\n\n\t\t<!-- LAYER NR. 3 -->\n\t\t<div class=\"tp-caption orange_acesso sfl stl tp-resizeme\"\n\t\t\t data-x=\"274\"\n\t\t\t data-y=\"447\" \n\t\t\tdata-speed=\"300\"\n\t\t\tdata-start=\"0\"\n\t\t\tdata-easing=\"Power3.easeInOut\"\n\t\t\tdata-splitin=\"none\"\n\t\t\tdata-splitout=\"none\"\n\t\t\tdata-elementdelay=\"0.1\"\n\t\t\tdata-endelementdelay=\"0.1\"\n\t\t\t data-endspeed=\"300\"\n\n\t\t\tstyle=\"z-index: 4; max-width: auto; max-height: auto; white-space: nowrap;\">RELACIONAMENTO COM A M\u00cdDIA \n\t\t<\/div>\n\t<\/li>\n<\/ul>\n<div class=\"tp-bannertimer\"><\/div>\t<\/div>\n\n\t\t\t<script type=\"text\/javascript\">\n\n\t\t\t\t\/******************************************\n\t\t\t\t\t-\tPREPARE PLACEHOLDER FOR SLIDER\t-\n\t\t\t\t******************************************\/\n\t\t\t\t\n\n\t\t\t\tvar setREVStartSize = function() {\n\t\t\t\t\tvar\ttpopt = new Object();\n\t\t\t\t\t\ttpopt.startwidth = 1000;\n\t\t\t\t\t\ttpopt.startheight = 900;\n\t\t\t\t\t\ttpopt.container = jQuery('#rev_slider_1_1');\n\t\t\t\t\t\ttpopt.fullScreen = \"on\";\n\t\t\t\t\t\ttpopt.forceFullWidth=\"off\";\n\n\t\t\t\t\ttpopt.container.closest(\".rev_slider_wrapper\").css({height:tpopt.container.height()});tpopt.width=parseInt(tpopt.container.width(),0);tpopt.height=parseInt(tpopt.container.height(),0);tpopt.bw=tpopt.width\/tpopt.startwidth;tpopt.bh=tpopt.height\/tpopt.startheight;if(tpopt.bh>tpopt.bw)tpopt.bh=tpopt.bw;if(tpopt.bh<tpopt.bw)tpopt.bw=tpopt.bh;if(tpopt.bw<tpopt.bh)tpopt.bh=tpopt.bw;if(tpopt.bh>1){tpopt.bw=1;tpopt.bh=1}if(tpopt.bw>1){tpopt.bw=1;tpopt.bh=1}tpopt.height=Math.round(tpopt.startheight*(tpopt.width\/tpopt.startwidth));if(tpopt.height>tpopt.startheight&&tpopt.autoHeight!=\"on\")tpopt.height=tpopt.startheight;if(tpopt.fullScreen==\"on\"){tpopt.height=tpopt.bw*tpopt.startheight;var cow=tpopt.container.parent().width();var coh=jQuery(window).height();if(tpopt.fullScreenOffsetContainer!=undefined){try{var offcontainers=tpopt.fullScreenOffsetContainer.split(\",\");jQuery.each(offcontainers,function(e,t){coh=coh-jQuery(t).outerHeight(true);if(coh<tpopt.minFullScreenHeight)coh=tpopt.minFullScreenHeight})}catch(e){}}tpopt.container.parent().height(coh);tpopt.container.height(coh);tpopt.container.closest(\".rev_slider_wrapper\").height(coh);tpopt.container.closest(\".forcefullwidth_wrapper_tp_banner\").find(\".tp-fullwidth-forcer\").height(coh);tpopt.container.css({height:\"100%\"});tpopt.height=coh;}else{tpopt.container.height(tpopt.height);tpopt.container.closest(\".rev_slider_wrapper\").height(tpopt.height);tpopt.container.closest(\".forcefullwidth_wrapper_tp_banner\").find(\".tp-fullwidth-forcer\").height(tpopt.height);}\n\t\t\t\t};\n\n\t\t\t\t\/* CALL PLACEHOLDER *\/\n\t\t\t\tsetREVStartSize();\n\n\n\t\t\t\tvar tpj=jQuery;\n\t\t\t\ttpj.noConflict();\n\t\t\t\tvar revapi1;\n\n\t\t\t\ttpj(document).ready(function() {\n\n\t\t\t\tif(tpj('#rev_slider_1_1').revolution == undefined)\n\t\t\t\t\trevslider_showDoubleJqueryError('#rev_slider_1_1');\n\t\t\t\telse\n\t\t\t\t   revapi1 = tpj('#rev_slider_1_1').show().revolution(\n\t\t\t\t\t{\n\t\t\t\t\t\tdottedOverlay:\"none\",\n\t\t\t\t\t\tdelay:9000,\n\t\t\t\t\t\tstartwidth:1000,\n\t\t\t\t\t\tstartheight:900,\n\t\t\t\t\t\thideThumbs:200,\n\n\t\t\t\t\t\tthumbWidth:100,\n\t\t\t\t\t\tthumbHeight:50,\n\t\t\t\t\t\tthumbAmount:3,\n\t\t\t\t\t\t\n\t\t\t\t\t\tminHeight:100,\n\t\t\t\t\t\t\t\t\t\t\t\t\t\n\t\t\t\t\t\tsimplifyAll:\"off\",\n\n\t\t\t\t\t\tnavigationType:\"bullet\",\n\t\t\t\t\t\tnavigationArrows:\"solo\",\n\t\t\t\t\t\tnavigationStyle:\"round\",\n\n\t\t\t\t\t\ttouchenabled:\"on\",\n\t\t\t\t\t\tonHoverStop:\"off\",\n\t\t\t\t\t\tnextSlideOnWindowFocus:\"off\",\n\n\t\t\t\t\t\tswipe_threshold: 75,\n\t\t\t\t\t\tswipe_min_touches: 1,\n\t\t\t\t\t\tdrag_block_vertical: false,\n\t\t\t\t\t\t\n\t\t\t\t\t\t\t\t\t\t\t\t\n\t\t\t\t\t\t\t\t\t\t\t\t\n\t\t\t\t\t\tkeyboardNavigation:\"off\",\n\n\t\t\t\t\t\tnavigationHAlign:\"center\",\n\t\t\t\t\t\tnavigationVAlign:\"bottom\",\n\t\t\t\t\t\tnavigationHOffset:0,\n\t\t\t\t\t\tnavigationVOffset:20,\n\n\t\t\t\t\t\tsoloArrowLeftHalign:\"left\",\n\t\t\t\t\t\tsoloArrowLeftValign:\"center\",\n\t\t\t\t\t\tsoloArrowLeftHOffset:20,\n\t\t\t\t\t\tsoloArrowLeftVOffset:0,\n\n\t\t\t\t\t\tsoloArrowRightHalign:\"right\",\n\t\t\t\t\t\tsoloArrowRightValign:\"center\",\n\t\t\t\t\t\tsoloArrowRightHOffset:20,\n\t\t\t\t\t\tsoloArrowRightVOffset:0,\n\n\t\t\t\t\t\tshadow:2,\n\t\t\t\t\t\tfullWidth:\"off\",\n\t\t\t\t\t\tfullScreen:\"on\",\n\n\t\t\t\t\t\tspinner:\"spinner3\",\n\t\t\t\t\t\t\n\t\t\t\t\t\tstopLoop:\"off\",\n\t\t\t\t\t\tstopAfterLoops:-1,\n\t\t\t\t\t\tstopAtSlide:-1,\n\n\t\t\t\t\t\tshuffle:\"off\",\n\n\t\t\t\t\t\t\n\t\t\t\t\t\tforceFullWidth:\"off\",\n\t\t\t\t\t\tfullScreenAlignForce:\"off\",\n\t\t\t\t\t\tminFullScreenHeight:\"\",\n\t\t\t\t\t\t\n\t\t\t\t\t\thideThumbsOnMobile:\"off\",\n\t\t\t\t\t\thideNavDelayOnMobile:1500,\n\t\t\t\t\t\thideBulletsOnMobile:\"off\",\n\t\t\t\t\t\thideArrowsOnMobile:\"off\",\n\t\t\t\t\t\thideThumbsUnderResolution:0,\n\n\t\t\t\t\t\t\t\t\t\t\t\tfullScreenOffsetContainer: \"\",\n\t\t\t\t\t\tfullScreenOffset: \"\",\n\t\t\t\t\t\t\t\t\t\t\t\thideSliderAtLimit:0,\n\t\t\t\t\t\thideCaptionAtLimit:0,\n\t\t\t\t\t\thideAllCaptionAtLilmit:0,\n\t\t\t\t\t\tstartWithSlide:0\t\t\t\t\t});\n\n\n\n\t\t\t\t\t\n\t\t\t\t});\t\/*ready*\/\n\n\t\t\t<\/script>\n\n\n\t\t\t<style type=\"text\/css\">\n\t#rev_slider_1_1_wrapper .tp-loader.spinner3 div { background-color: #ffffff !important; }\n<\/style>\n<\/div><!-- END REVOLUTION SLIDER --><section class=\"col-wrap\" id=\"item_\" style=\"background-color: #ffffff; color: #353334;\"><div class=\"container\">\n\t\t      <div class=\"row-fluid\"><\/div>\n\t\t\t  <\/div>\n\t\t\t<\/section><div class=\"span12 center\"><\/div><\/p>\n","protected":false},"excerpt":{"rendered":"","protected":false},"author":1,"featured_media":0,"parent":0,"menu_order":0,"comment_status":"closed","ping_status":"open","template":"onepage.php","meta":[],"_links":{"self":[{"href":"https:\/\/acessocompoa.com.br\/assessoria-de-imprensa\/wp-json\/wp\/v2\/pages\/118"}],"collection":[{"href":"https:\/\/acessocompoa.com.br\/assessoria-de-imprensa\/wp-json\/wp\/v2\/pages"}],"about":[{"href":"https:\/\/acessocompoa.com.br\/assessoria-de-imprensa\/wp-json\/wp\/v2\/types\/page"}],"author":[{"embeddable":true,"href":"https:\/\/acessocompoa.com.br\/assessoria-de-imprensa\/wp-json\/wp\/v2\/users\/1"}],"replies":[{"embeddable":true,"href":"https:\/\/acessocompoa.com.br\/assessoria-de-imprensa\/wp-json\/wp\/v2\/comments?post=118"}],"version-history":[{"count":24,"href":"https:\/\/acessocompoa.com.br\/assessoria-de-imprensa\/wp-json\/wp\/v2\/pages\/118\/revisions"}],"predecessor-version":[{"id":1183,"href":"https:\/\/acessocompoa.com.br\/assessoria-de-imprensa\/wp-json\/wp\/v2\/pages\/118\/revisions\/1183"}],"wp:attachment":[{"href":"https:\/\/acessocompoa.com.br\/assessoria-de-imprensa\/wp-json\/wp\/v2\/media?parent=118"}],"curies":[{"name":"wp","href":"https:\/\/api.w.org\/{rel}","templated":true}]}}